{"id":32,"date":"2017-04-20T15:19:44","date_gmt":"2017-04-20T13:19:44","guid":{"rendered":"https:\/\/www.supervision-ott.de\/?page_id=32"},"modified":"2018-03-16T10:56:32","modified_gmt":"2018-03-16T09:56:32","slug":"helga-ott","status":"publish","type":"page","link":"https:\/\/www.supervision-ott.de\/index.php\/helga-ott\/","title":{"rendered":"Helga Ott"},"content":{"rendered":"<p><strong>Herzlich willkommen.<\/strong><\/p>\n<p>Seit 2000 t\u00e4tig als Supervisorin DGSv:<\/p>\n<ul>\n<li>Ausbildung als <strong>Supervisorin DGSv<\/strong> <strong>(zertifiziert)<\/strong><\/li>\n<li>Ausbildung in <strong>Gestalttherapie<\/strong><strong>\u00a0\u00a0 <\/strong><\/li>\n<li>Ausbildung in <strong>Psychoonkologie<\/strong><\/li>\n<li>Ausbildung <strong>in Organisations- und <\/strong><strong>Wirtschaftsmediation<\/strong><\/li>\n<\/ul>\n<h4><\/h4>\n<p><strong>Berufserfahrung:<\/strong><\/p>\n<p>Als Diplom-Sozialp\u00e4dagogin 20-j\u00e4hrige Beratungserfahrung in verschiedenen Bereichen des Gesundheitswesens:<\/p>\n<ul>\n<li>In der Psychiatrie, inneren Medizin, Onkologie eines Universit\u00e4tskrankenhauses sowie Dozentent\u00e4tigkeit in dessen Fort- und Weiterbildungsbereich. Aufbau und Leitung des Klinischen Sozialdienstes.<\/li>\n<li>Als Case Managerin (zertifiziert), t\u00e4tig f\u00fcr ein Dienstleistungsunternehmen in dessen beiden Gesch\u00e4ftsfeldern Case Management und Betriebliches Gesundheitsmanagement.\n<ul>\n<li><strong>Arbeitsschwerpunkte:<\/strong> Im Rahmen des Case Managements, t\u00e4tig in Teilzeit f\u00fcr einen Leistungstr\u00e4ger, zur Beratung und Behandlungssteuerung von Versicherten mit psychischen Erkrankungen sowie die Beratung von Mitarbeiter_innen im Umgang mit psychisch erkrankten Menschen.<\/li>\n<li>\u00a0Im Rahmen des Betrieblichen Gesundheitsmanagements t\u00e4tig in der Personalentwicklung f\u00fcr die Bundesbeh\u00f6rden sowie in Betrieben.<\/li>\n<\/ul>\n<\/li>\n<\/ul>\n<p><em>\u00a0<\/em><\/p>\n<h4>Beratungsansatz:<\/h4>\n<p>Mein Beratungsansatz ist gepr\u00e4gt durch qualifizierte Diagnostik und Methodenvielfalt, einer ganzheitlichen Sichtweise sowie einer unterst\u00fctzenden und wertsch\u00e4tzenden Haltung, die auf Entwicklung abzielt. Mir ist es wichtig, die Handlungsf\u00e4higkeit der Teilnehmenden so zu st\u00e4rken, dass diese eine f\u00fcr sich angemessene L\u00f6sung finden und ihre Kompetenzen erweitern k\u00f6nnen. Dabei wende ich mein Wissen aus Sozialpsychologie, Tiefenpsychologie, Organisationsberatung sowie Methoden der Gruppendynamik an. Im Sinne des lebendigen Lernens kommt, wo es angemessen erscheint, kreatives Gestalten ebenfalls zum Einsatz.<\/p>\n<p>&nbsp;<\/p>\n<p><strong>\u00a0<\/strong><\/p>\n<p>&nbsp;<\/p>\n<h4><\/h4>\n<p>&nbsp;<\/p>\n<p>&nbsp;<\/p>\n","protected":false},"excerpt":{"rendered":"<p>Herzlich willkommen. Seit 2000 t\u00e4tig als Supervisorin DGSv: Ausbildung als Supervisorin DGSv (zertifiziert) Ausbildung in Gestalttherapie\u00a0\u00a0 Ausbildung in Psychoonkologie Ausbildung <a class=\"more-link\" href=\"https:\/\/www.supervision-ott.de\/index.php\/helga-ott\/\">Weiterlesen&#8230;<\/a><\/p>\n","protected":false},"author":1,"featured_media":326,"parent":0,"menu_order":20,"comment_status":"closed","ping_status":"closed","template":"","meta":{"footnotes":""},"_links":{"self":[{"href":"https:\/\/www.supervision-ott.de\/index.php\/wp-json\/wp\/v2\/pages\/32"}],"collection":[{"href":"https:\/\/www.supervision-ott.de\/index.php\/wp-json\/wp\/v2\/pages"}],"about":[{"href":"https:\/\/www.supervision-ott.de\/index.php\/wp-json\/wp\/v2\/types\/page"}],"author":[{"embeddable":true,"href":"https:\/\/www.supervision-ott.de\/index.php\/wp-json\/wp\/v2\/users\/1"}],"replies":[{"embeddable":true,"href":"https:\/\/www.supervision-ott.de\/index.php\/wp-json\/wp\/v2\/comments?post=32"}],"version-history":[{"count":48,"href":"https:\/\/www.supervision-ott.de\/index.php\/wp-json\/wp\/v2\/pages\/32\/revisions"}],"predecessor-version":[{"id":546,"href":"https:\/\/www.supervision-ott.de\/index.php\/wp-json\/wp\/v2\/pages\/32\/revisions\/546"}],"wp:featuredmedia":[{"embeddable":true,"href":"https:\/\/www.supervision-ott.de\/index.php\/wp-json\/wp\/v2\/media\/326"}],"wp:attachment":[{"href":"https:\/\/www.supervision-ott.de\/index.php\/wp-json\/wp\/v2\/media?parent=32"}],"curies":[{"name":"wp","href":"https:\/\/api.w.org\/{rel}","templated":true}]}}