{"id":34,"date":"2017-04-20T15:20:15","date_gmt":"2017-04-20T13:20:15","guid":{"rendered":"https:\/\/www.supervision-ott.de\/?page_id=34"},"modified":"2018-03-16T11:02:42","modified_gmt":"2018-03-16T10:02:42","slug":"coaching-2","status":"publish","type":"page","link":"https:\/\/www.supervision-ott.de\/index.php\/coaching-2\/","title":{"rendered":"Supervision"},"content":{"rendered":"<p>ist sinnvoll, wenn Sie Ihr berufliches Handeln weiter entwickeln m\u00f6chten oder, wenn Arbeitsprozesse ins Stocken geraten, der Kontakt im Team belastet ist und Missverst\u00e4ndnisse sich h\u00e4ufen. Dann ist es vielleicht Zeit, sich den Blick von au\u00dfen zu holen. Ich beleuchte mit Ihnen Ihre aktuellen Anliegen in Bezug auf Ihre Arbeitsaufgabe, Ihre Zusammenarbeit oder Ihre Berufsrolle. Dabei verstehe ich Supervision als gemeinsamen Prozess, mit dem Ziel, die Handlungsf\u00e4higkeit der Beteiligten so zu st\u00e4rken, dass Sie f\u00fcr Ihre konkreten Situationen eine f\u00fcr Sie angemessene L\u00f6sung finden. Dies f\u00fchrt zur Erweiterung der beruflichen Kompetenzen und dient der Qualit\u00e4tssicherung am Arbeitsplatz.<\/p>\n<p>&nbsp;<\/p>\n<h4>Arbeitsschwerpunkte:<\/h4>\n<div style=\"float: left; margin-right: 5%;\">\n<ul>\n<li>Hospiz- und Palliativeinrichtungen<\/li>\n<li>Kliniken<\/li>\n<li>Altenhilfe<\/li>\n<li>Beh\u00f6rden<\/li>\n<\/ul>\n<\/div>\n<div style=\"float: left; margin-right: 20px;\">\n<ul>\n<li>Verb\u00e4nde<\/li>\n<li>Kindertageseinrichtungen<\/li>\n<li>Betriebe<\/li>\n<\/ul>\n<\/div>\n","protected":false},"excerpt":{"rendered":"<p>ist sinnvoll, wenn Sie Ihr berufliches Handeln weiter entwickeln m\u00f6chten oder, wenn Arbeitsprozesse ins Stocken geraten, der Kontakt im Team <a class=\"more-link\" href=\"https:\/\/www.supervision-ott.de\/index.php\/coaching-2\/\">Weiterlesen&#8230;<\/a><\/p>\n","protected":false},"author":1,"featured_media":371,"parent":0,"menu_order":30,"comment_status":"closed","ping_status":"closed","template":"","meta":{"footnotes":""},"_links":{"self":[{"href":"https:\/\/www.supervision-ott.de\/index.php\/wp-json\/wp\/v2\/pages\/34"}],"collection":[{"href":"https:\/\/www.supervision-ott.de\/index.php\/wp-json\/wp\/v2\/pages"}],"about":[{"href":"https:\/\/www.supervision-ott.de\/index.php\/wp-json\/wp\/v2\/types\/page"}],"author":[{"embeddable":true,"href":"https:\/\/www.supervision-ott.de\/index.php\/wp-json\/wp\/v2\/users\/1"}],"replies":[{"embeddable":true,"href":"https:\/\/www.supervision-ott.de\/index.php\/wp-json\/wp\/v2\/comments?post=34"}],"version-history":[{"count":14,"href":"https:\/\/www.supervision-ott.de\/index.php\/wp-json\/wp\/v2\/pages\/34\/revisions"}],"predecessor-version":[{"id":547,"href":"https:\/\/www.supervision-ott.de\/index.php\/wp-json\/wp\/v2\/pages\/34\/revisions\/547"}],"wp:featuredmedia":[{"embeddable":true,"href":"https:\/\/www.supervision-ott.de\/index.php\/wp-json\/wp\/v2\/media\/371"}],"wp:attachment":[{"href":"https:\/\/www.supervision-ott.de\/index.php\/wp-json\/wp\/v2\/media?parent=34"}],"curies":[{"name":"wp","href":"https:\/\/api.w.org\/{rel}","templated":true}]}}