{"id":36,"date":"2017-04-20T15:20:40","date_gmt":"2017-04-20T13:20:40","guid":{"rendered":"https:\/\/www.supervision-ott.de\/?page_id=36"},"modified":"2018-03-16T10:42:36","modified_gmt":"2018-03-16T09:42:36","slug":"coaching","status":"publish","type":"page","link":"https:\/\/www.supervision-ott.de\/index.php\/coaching\/","title":{"rendered":"Coaching"},"content":{"rendered":"<p>ist sinnvoll, wenn Sie eine F\u00fchrungsaufgabe \u00fcbernommen haben oder mit einer komplexen Aufgabe betraut worden sind, die f\u00fcr Sie neu ist. Vielleicht m\u00fcssen Sie einen Rollenwechsel vollziehen, weil Sie sich als Teammitglied f\u00fcr eine F\u00fchrungsposition beworben haben oder eine umfassende Ver\u00e4nderung innerhalb der Organisation ansteht. Coaching ist eine wirksame Einzelberatung, wenn Sie komplexe Situationen aus Ihrem Arbeitsalltag in einem gesch\u00fctzten Rahmen reflektieren m\u00f6chten. Coaching erm\u00f6glicht einen Perspektivenwechsel, wenn Sie f\u00fcr Ihren F\u00fchrungs- und Arbeitsalltag durchdachte L\u00f6sungen suchen und den Wunsch haben, gesund zu bleiben. Der Blick von au\u00dfen hilft, die Komplexit\u00e4t einer Situation zu erfassen, zu strukturieren und dadurch zu reduzieren. Daraus entwickeln sich L\u00f6sungen, die durch die t\u00e4gliche Routine h\u00e4ufig verdeckt sind.<\/p>\n<p>&nbsp;<\/p>\n<h4>Arbeitsschwerpunkte:<\/h4>\n<ul>\n<li>Station\u00e4re und ambulante Einrichtungen des Gesundheitswesens<\/li>\n<li>Krankenkassen<\/li>\n<li>Beh\u00f6rden, Verwaltungen<\/li>\n<li>Kindertageseinrichtungen<\/li>\n<li>Betriebe<\/li>\n<li>Projektbegleitung in der F\u00fchrungskr\u00e4fteentwicklung f\u00fcr kommunale Tr\u00e4ger und Verb\u00e4nde seit 2014<\/li>\n<\/ul>\n","protected":false},"excerpt":{"rendered":"<p>ist sinnvoll, wenn Sie eine F\u00fchrungsaufgabe \u00fcbernommen haben oder mit einer komplexen Aufgabe betraut worden sind, die f\u00fcr Sie neu <a class=\"more-link\" href=\"https:\/\/www.supervision-ott.de\/index.php\/coaching\/\">Weiterlesen&#8230;<\/a><\/p>\n","protected":false},"author":1,"featured_media":519,"parent":0,"menu_order":40,"comment_status":"closed","ping_status":"closed","template":"","meta":{"footnotes":""},"_links":{"self":[{"href":"https:\/\/www.supervision-ott.de\/index.php\/wp-json\/wp\/v2\/pages\/36"}],"collection":[{"href":"https:\/\/www.supervision-ott.de\/index.php\/wp-json\/wp\/v2\/pages"}],"about":[{"href":"https:\/\/www.supervision-ott.de\/index.php\/wp-json\/wp\/v2\/types\/page"}],"author":[{"embeddable":true,"href":"https:\/\/www.supervision-ott.de\/index.php\/wp-json\/wp\/v2\/users\/1"}],"replies":[{"embeddable":true,"href":"https:\/\/www.supervision-ott.de\/index.php\/wp-json\/wp\/v2\/comments?post=36"}],"version-history":[{"count":12,"href":"https:\/\/www.supervision-ott.de\/index.php\/wp-json\/wp\/v2\/pages\/36\/revisions"}],"predecessor-version":[{"id":543,"href":"https:\/\/www.supervision-ott.de\/index.php\/wp-json\/wp\/v2\/pages\/36\/revisions\/543"}],"wp:featuredmedia":[{"embeddable":true,"href":"https:\/\/www.supervision-ott.de\/index.php\/wp-json\/wp\/v2\/media\/519"}],"wp:attachment":[{"href":"https:\/\/www.supervision-ott.de\/index.php\/wp-json\/wp\/v2\/media?parent=36"}],"curies":[{"name":"wp","href":"https:\/\/api.w.org\/{rel}","templated":true}]}}