{"id":370,"date":"2017-07-23T18:42:44","date_gmt":"2017-07-23T16:42:44","guid":{"rendered":"https:\/\/www.supervision-ott.de\/?page_id=370"},"modified":"2018-01-05T15:37:39","modified_gmt":"2018-01-05T14:37:39","slug":"moderation","status":"publish","type":"page","link":"https:\/\/www.supervision-ott.de\/index.php\/moderation\/","title":{"rendered":"Moderation"},"content":{"rendered":"<p>ist wirksam, wenn Sie innerhalb kurzer Zeit angemessene Arbeitsergebnisse zu einer Aufgabenstellung erzielen m\u00f6chten und dabei das Knowhow, die Bed\u00fcrfnisse und W\u00fcnsche der Beteiligten in einem gemeinsamen Lernprozess erfassen m\u00f6chten. Das kann Themen zu Ver\u00e4nderungsprozessen in einer Organisation betreffen, oder Themen zu Standortbestimmung und Zukunftsvisionen eines Unternehmens beinhalten, oder das Zusammentragen von Arbeitsergebnissen innerhalb eines Projektes sein. Moderation stellt Strukturen zur Verf\u00fcgung, die es den Beteiligten erm\u00f6glicht, sich ausschlie\u00dflich den Inhalten zu widmen, so dass Themen und Ziele effektiv\u00a0 erarbeitetet werden k\u00f6nnen und deren Umsetzung durch konkrete Handlungskonzepte sichergestellt werden.<\/p>\n<p>&nbsp;<\/p>\n<h4>Arbeitsschwerpunkte:<\/h4>\n<ul>\n<li>Klausurtage<\/li>\n<li>Kick off Veranstaltungen<\/li>\n<li>Moderation von Projekten<\/li>\n<\/ul>\n<p>&nbsp;<\/p>\n","protected":false},"excerpt":{"rendered":"<p>ist wirksam, wenn Sie innerhalb kurzer Zeit angemessene Arbeitsergebnisse zu einer Aufgabenstellung erzielen m\u00f6chten und dabei das Knowhow, die Bed\u00fcrfnisse <a class=\"more-link\" href=\"https:\/\/www.supervision-ott.de\/index.php\/moderation\/\">Weiterlesen&#8230;<\/a><\/p>\n","protected":false},"author":1,"featured_media":386,"parent":0,"menu_order":72,"comment_status":"closed","ping_status":"closed","template":"","meta":{"footnotes":""},"_links":{"self":[{"href":"https:\/\/www.supervision-ott.de\/index.php\/wp-json\/wp\/v2\/pages\/370"}],"collection":[{"href":"https:\/\/www.supervision-ott.de\/index.php\/wp-json\/wp\/v2\/pages"}],"about":[{"href":"https:\/\/www.supervision-ott.de\/index.php\/wp-json\/wp\/v2\/types\/page"}],"author":[{"embeddable":true,"href":"https:\/\/www.supervision-ott.de\/index.php\/wp-json\/wp\/v2\/users\/1"}],"replies":[{"embeddable":true,"href":"https:\/\/www.supervision-ott.de\/index.php\/wp-json\/wp\/v2\/comments?post=370"}],"version-history":[{"count":19,"href":"https:\/\/www.supervision-ott.de\/index.php\/wp-json\/wp\/v2\/pages\/370\/revisions"}],"predecessor-version":[{"id":494,"href":"https:\/\/www.supervision-ott.de\/index.php\/wp-json\/wp\/v2\/pages\/370\/revisions\/494"}],"wp:featuredmedia":[{"embeddable":true,"href":"https:\/\/www.supervision-ott.de\/index.php\/wp-json\/wp\/v2\/media\/386"}],"wp:attachment":[{"href":"https:\/\/www.supervision-ott.de\/index.php\/wp-json\/wp\/v2\/media?parent=370"}],"curies":[{"name":"wp","href":"https:\/\/api.w.org\/{rel}","templated":true}]}}