{"id":42,"date":"2017-04-20T15:21:58","date_gmt":"2017-04-20T13:21:58","guid":{"rendered":"https:\/\/www.supervision-ott.de\/?page_id=42"},"modified":"2018-03-16T11:04:29","modified_gmt":"2018-03-16T10:04:29","slug":"seminare","status":"publish","type":"page","link":"https:\/\/www.supervision-ott.de\/index.php\/seminare\/","title":{"rendered":"Seminare -Trainings"},"content":{"rendered":"<p>sind erforderlich, wenn Sie Ihre Organisation weiterentwickeln und Ihre Mitarbeiter_innen zu aktuellen Themen qualifizieren m\u00f6chten oder bestimmte F\u00e4higkeiten innerhalb der Organisation vertiefen m\u00f6chten. Ich entwickle f\u00fcr Sie, abgestimmt auf die Fragestellungen aus Ihrem Arbeitsalltag, Fortbildungen, die neben Wissensvermittlung und Methodenvielfalt, praxisnahes Lernen erm\u00f6glichen.<\/p>\n<h4>H\u00e4ufig nachgefragte Themen:<\/h4>\n<ul>\n<li>Umgang mit Sucht und psychischen Erkrankungen am Arbeitsplatz<\/li>\n<li>Gesunder F\u00fchrungsstil \u2013 gesunde Mitarbeiter<\/li>\n<li>Kernkompetenz Kommunikation<\/li>\n<li>Der Umgang mit Konflikten<\/li>\n<li>Qualifizierung von professionellen und ehrenamtlichen Helfer_innen im Umgang mit chronischer Erkrankung, Trauer, Tod (Referentin an der Dr. Mildred Scheel Akademie, Deutsche Krebshilfe, seit 2009)<\/li>\n<\/ul>\n","protected":false},"excerpt":{"rendered":"<p>sind erforderlich, wenn Sie Ihre Organisation weiterentwickeln und Ihre Mitarbeiter_innen zu aktuellen Themen qualifizieren m\u00f6chten oder bestimmte F\u00e4higkeiten innerhalb der <a class=\"more-link\" href=\"https:\/\/www.supervision-ott.de\/index.php\/seminare\/\">Weiterlesen&#8230;<\/a><\/p>\n","protected":false},"author":1,"featured_media":274,"parent":0,"menu_order":67,"comment_status":"closed","ping_status":"closed","template":"","meta":{"footnotes":""},"_links":{"self":[{"href":"https:\/\/www.supervision-ott.de\/index.php\/wp-json\/wp\/v2\/pages\/42"}],"collection":[{"href":"https:\/\/www.supervision-ott.de\/index.php\/wp-json\/wp\/v2\/pages"}],"about":[{"href":"https:\/\/www.supervision-ott.de\/index.php\/wp-json\/wp\/v2\/types\/page"}],"author":[{"embeddable":true,"href":"https:\/\/www.supervision-ott.de\/index.php\/wp-json\/wp\/v2\/users\/1"}],"replies":[{"embeddable":true,"href":"https:\/\/www.supervision-ott.de\/index.php\/wp-json\/wp\/v2\/comments?post=42"}],"version-history":[{"count":17,"href":"https:\/\/www.supervision-ott.de\/index.php\/wp-json\/wp\/v2\/pages\/42\/revisions"}],"predecessor-version":[{"id":548,"href":"https:\/\/www.supervision-ott.de\/index.php\/wp-json\/wp\/v2\/pages\/42\/revisions\/548"}],"wp:featuredmedia":[{"embeddable":true,"href":"https:\/\/www.supervision-ott.de\/index.php\/wp-json\/wp\/v2\/media\/274"}],"wp:attachment":[{"href":"https:\/\/www.supervision-ott.de\/index.php\/wp-json\/wp\/v2\/media?parent=42"}],"curies":[{"name":"wp","href":"https:\/\/api.w.org\/{rel}","templated":true}]}}