{"id":91,"date":"2017-04-20T16:50:36","date_gmt":"2017-04-20T14:50:36","guid":{"rendered":"https:\/\/www.supervision-ott.de\/?page_id=91"},"modified":"2018-05-24T12:09:48","modified_gmt":"2018-05-24T10:09:48","slug":"datenschutzerklaerung","status":"publish","type":"page","link":"https:\/\/www.supervision-ott.de\/index.php\/kontakt\/datenschutzerklaerung\/","title":{"rendered":"Datenschutzerkl\u00e4rung"},"content":{"rendered":"<p>Wir messen dem Datenschutz gro\u00dfe Bedeutung bei. Die Erhebung und Verarbeitung Ihrer personenbezogenen Daten geschieht unter Beachtung der geltenden datenschutzrechtlichen Vorschriften, insbesondere der EU-Datenschutz-Grundverordnung (DSGVO). Diese Erkl\u00e4rung beschreibt, wie und zu welchem Zweck Ihre Daten erfasst und genutzt werden und welche Wahlm\u00f6glichkeiten Sie im Zusammenhang mit pers\u00f6nlichen Daten haben.<br \/>\nDurch Ihre Verwendung dieser Website stimmen Sie der Erfassung, Nutzung und \u00dcbertragung Ihrer Daten gem\u00e4\u00df dieser Datenschutzerkl\u00e4rung zu.<\/p>\n<h3>1 Verantwortliche Stelle<\/h3>\n<p>Verantwortliche Stelle f\u00fcr die Erhebung, Verarbeitung und Nutzung Ihrer personenbezogenen Daten im Sinne der DSGVO ist:<br \/>\nHelga Ott, Rotk\u00e4ppchenstra\u00dfe 70, 81739 M\u00fcnchen, Email: info@supervision-ott.de<\/p>\n<p>Sofern Sie der Erhebung, Verarbeitung oder Nutzung Ihrer Daten durch uns nach Ma\u00dfgabe dieser Datenschutzbestimmungen insgesamt oder f\u00fcr einzelne Ma\u00dfnahmen widersprechen wollen, k\u00f6nnen Sie Ihren Widerspruch an oben genannte verantwortliche Stelle richten. Sie k\u00f6nnen diese Datenschutzerkl\u00e4rung jederzeit speichern und ausdrucken.<\/p>\n<h3>2 Allgemeine Nutzung der Webseite<\/h3>\n<h4>Zugriffsdaten<\/h4>\n<p>Im Internet werden technisch automatisch Informationen \u00fcber Sie gesammelt, wenn Sie diese Webseite nutzen. Zu den Zugriffsdaten geh\u00f6ren Name und URL der abgerufenen Datei, Datum und Uhrzeit des Abrufs, \u00fcbertragene Datenmenge, Meldung \u00fcber erfolgreichen Abruf (HTTP response code), Browsertyp und<\/p>\n<p>Browserversion, Betriebssystem, Referrer URL (d.h. die zuvor besuchte Seite), IP-Adresse und der anfragende Provider. Pro-tokolldaten entstehen ohne Zuordnung zu Ihrer Person oder sonstiger Profilerstellung.<\/p>\n<h4>E-Mail Kontakt<\/h4>\n<p>Wenn Sie mit uns in Kontakt treten (z. B. per Kontaktformular oder E-Mail), speichern wir Ihre Angaben. Weitere personenbe-zogene Daten speichern und nutzen wir nur, wenn Sie dazu ein-willigen oder dies ohne besondere Einwilligung gesetzlich zu-l\u00e4ssig ist.<\/p>\n<h4>Rechtsgrundlagen und Speicherdauer<\/h4>\n<p>Rechtsgrundlage der Datenverarbeitung nach den vorstehenden Ziffern ist Art 6 Abs. 1 Buchstabe f DSGVO. Unsere Interessen an der Datenverarbeitung sind insbesondere die Sicherstellung des Betriebes und der Sicherheit der Webseite, die Untersuchung der Art und Weise der Nutzung der Webseite durch Besucher, und die Vereinfachung der Nutzung der Webseite.<br \/>\nSofern nicht spezifisch angegeben speichern wir personenbezo-gene Daten nur so lange, wie dies zur Erf\u00fcllung der verfolgten Zwecke notwendig ist.<\/p>\n<h3>3. Ihre Rechte als von der Datenverarbeitung Betroffener<\/h3>\n<p>Nach den anwendbaren Gesetzen haben Sie verschiedene Rechte bez\u00fcglich ihrer personenbezogenen Daten. M\u00f6chten Sie diese Rechte geltend machen, so richten Sie Ihre Anfrage bitte per E-Mail oder per Post unter eindeutiger Identifizierung Ihrer Person an die in Ziffer 1 genannte Adresse. Nachfolgend finden Sie eine \u00dcbersicht \u00fcber Ihre Rechte.<\/p>\n<h4>Recht auf Best\u00e4tigung und Auskunft<\/h4>\n<p>Sie haben jederzeit das Recht, von uns eine Best\u00e4tigung dar\u00fcber zu erhalten, ob Sie betreffende personenbezogene Daten verarbeitet werden. Ist dies der Fall, so haben Sie das Recht, von uns eine unentgeltliche Auskunft \u00fcber die zu Ihnen gespeicherten personenbezogenen Daten nebst einer Kopie dieser Daten zu erlangen. Es besteht ein Recht auf folgende Informationen:<br \/>\n\u2022 die Verarbeitungszwecke;<br \/>\n\u2022 die Kategorien personenbezogener Daten, die verarbeitet werden;<br \/>\n\u2022 die Empf\u00e4nger oder Kategorien von Empf\u00e4ngern, gegen\u00fcber denen die perso- nenbezogenen Daten offengelegt wor-den sind oder noch offengelegt werden, insbesondere bei Empf\u00e4ngern in Drittl\u00e4ndern oder bei internationalen Organi- sationen;<br \/>\n\u2022 falls m\u00f6glich die geplante Dauer, f\u00fcr die die personen-bezogenen Daten ge- speichert werden, oder, falls dies nicht m\u00f6glich ist, die Kriterien f\u00fcr die Festlegung dieser Dauer;<br \/>\n\u2022 das Bestehen eines Rechts auf Berichtigung oder L\u00f6-schung der Sie be- treffenden personenbezogenen Da-ten oder auf Einschr\u00e4nkung der Verarbeitung durch den Verantwortlichen oder eines Widerspruchsrechts gegen diese Verarbeitung;<\/p>\n<p>\u2022 das Bestehen eines Beschwerderechts bei einer Aufsichtsbe-h\u00f6rde;<br \/>\n\u2022 wenn die personenbezogenen Daten nicht bei Ihnen erhoben werden, alle verf\u00fcgbaren Informationen \u00fcber die Herkunft der Daten;<br \/>\n\u2022 das Bestehen einer automatisierten Entscheidungsfindung einschlie\u00dflich Profiling gem\u00e4\u00df Artikel 22 Abs\u00e4tze 1 und 4 DSGVO und \u2013 zumindest in diesen F\u00e4llen \u2013 aussagekr\u00e4ftige Informationen \u00fcber die involvierte Logik sowie die Tragweite und die angestrebten Auswirkungen einer derartigen Verarbeitung f\u00fcr Sie.<br \/>\nWerden personenbezogene Daten an ein Drittland oder an eine internationale Organisation \u00fcbermittelt, so haben Sie das Recht, \u00fcber die geeigneten Garantien gem\u00e4\u00df Artikel 46 DSGVO im Zusammenhang mit der \u00dcbermittlung unterrichtet zu werden.<\/p>\n<h4>Recht auf Berichtigung<\/h4>\n<p>Sie haben das Recht, von uns unverz\u00fcglich die Berichtigung Sie betreffender unrichtiger personenbezogener Daten zu verlangen. Unter Ber\u00fccksichtigung der Zwecke haben Sie das Recht, die Vervollst\u00e4ndigung unvollst\u00e4ndiger personenbezogener Daten \u2013 auch mittels einer erg\u00e4nzenden Erkl\u00e4rung \u2013 zu verlangen.<\/p>\n<h4>Recht auf L\u00f6schung (\u201eRecht auf Vergessenwerden\u201c)<\/h4>\n<p>Sie haben das Recht, von uns zu verlangen, dass Sie betreffende personenbezogene Daten unverz\u00fcglich gel\u00f6scht werden. Wir sind verpflichtet, personenbezogene Daten unverz\u00fcglich zu l\u00f6schen, sofern einer der folgenden Gr\u00fcnde zutrifft:<\/p>\n<p>\u2022 Die personenbezogenen Daten sind f\u00fcr die Zwecke, f\u00fcr die sie erhoben oder auf sonstige Weise verarbeitet wurden, nicht mehr notwendig.<br \/>\n\u2022 Sie widerrufen Ihre Einwilligung, auf die sich die Ver-arbeitung gem\u00e4\u00df Artikel 6 Absatz 1 DSGVO Buchstabe a oder Artikel 9 Absatz 2 Buchstabe a DSGVO st\u00fctzte, und es fehlt an einer anderweitigen Rechtsgrundlage f\u00fcr die Verar beitung.<br \/>\n\u2022 Sie legen gem\u00e4\u00df Artikel 21 Absatz 1 DSGVO Widerspruch gegen die Verarbei- tung ein und es liegen keine vor-rangigen berechtigten Gr\u00fcnde f\u00fcr die Verar- beitung vor, oder Sie legen gem\u00e4\u00df Artikel 21 Absatz 2 DSGVO Wider-spruch gegen die Verarbeitung ein.<br \/>\n\u2022 Die personenbezogenen Daten wurden unrechtm\u00e4\u00dfig verar-beitet.<br \/>\n\u2022 Die L\u00f6schung der personenbezogenen Daten ist zur Erf\u00fcllung einer rechtlichen Verpflichtung nach dem Unionsrecht oder dem Recht der Mitglied staaten erforderlich, dem wir unterliegen.<br \/>\n\u2022 Die personenbezogenen Daten wurden in Bezug auf angebotene Dienste der Informationsgesellschaft gem\u00e4\u00df Artikel 8 Absatz 1 DSGVO erhoben.<\/p>\n<p>Haben wir die personenbezogenen Daten \u00f6ffentlich gemacht und sind wir zu deren L\u00f6schung verpflichtet, so treffen wir unter Ber\u00fccksichtigung der verf\u00fcgbaren Technologie und der Imple-mentierungskosten angemessene Ma\u00dfnahmen, auch technischer Art, um f\u00fcr die Datenverarbeitung Verantwortliche, die die personenbezogenen<br \/>\nDaten verarbeiten, dar\u00fcber zu informieren, dass Sie von ihnen die L\u00f6schung aller Links zu diesen personenbezogenen Daten oder von Kopien oder Replikationen dieser personenbezogenen Daten verlangt haben.<\/p>\n<h4>Recht auf Einschr\u00e4nkung der Verarbeitung<\/h4>\n<p>Sie haben das Recht, von uns die Einschr\u00e4nkung der Verarbeitung zu verlangen, wenn eine der folgenden Voraussetzungen gegeben ist:<\/p>\n<p>\u2022 die Richtigkeit der personenbezogenen Daten wird von Ihnen bestritten, und zwar f\u00fcr eine Dauer, die es uns erm\u00f6glicht, die Richtigkeit der personenbezogenen Daten zu \u00fcberpr\u00fcfen,<br \/>\n\u2022 die Verarbeitung unrechtm\u00e4\u00dfig ist und Sie die L\u00f6schung der personenbezo- genen Daten ablehnten und stattdessen die Einschr\u00e4nkung der Nutzung der personenbezogenen Daten verlangen;<br \/>\n\u2022 wir die personenbezogenen Daten f\u00fcr die Zwecke der Verarbeitung nicht l\u00e4nger ben\u00f6tigen, Sie die Da-ten jedoch zur Geltendmachung, Aus\u00fcbung oder Verteidigung von Rechtsanspr\u00fcchen ben\u00f6tigten, oder<br \/>\n\u2022 Sie Widerspruch gegen die Verarbeitung gem\u00e4\u00df Artikel 21 Absatz 1 DSGVO eingelegt haben, solange noch nicht feststeht, ob die berechtigten Gr\u00fcnde unseres Unternehmens gegen\u00fcber den Ihren \u00fcberwiegen.<\/p>\n<h4>Recht auf Daten\u00fcbertragbarkeit<\/h4>\n<p>Sie haben das Recht, die Sie betreffenden personenbezogenen Daten, die Sie uns bereitgestellt haben, in einem strukturierten, g\u00e4ngigen und maschinenlesbaren Format zu erhalten, und Sie haben das Recht, diese Daten einem anderen Verantwortlichen ohne Behinderung durch uns zu \u00fcbermitteln, sofern<\/p>\n<p>\u2022 die Verarbeitung auf einer Einwilligung gem\u00e4\u00df Artikel 6 Absatz 1 Buchstabe a DSGVO oder Artikel 9 Absatz 2 Buchstabe a DSGVO oder auf einem Ver trag gem\u00e4\u00df Artikel 6 Absatz 1 Buchstabe b DSGVO beruht und<br \/>\n\u2022 die Verarbeitung mit Hilfe automatisierter Verfahren erfolgt.<\/p>\n<p>Bei der Aus\u00fcbung Ihres Rechts auf Daten\u00fcbertragbarkeit gem\u00e4\u00df Absatz 1 haben Sie das Recht, zu erwirken, dass die personen-bezogenen Daten direkt von uns einem anderen Verantwortlichen \u00fcbermittelt werden, soweit dies technisch machbar ist.<\/p>\n<h4>Recht auf Widerspruch<\/h4>\n<p>Sie haben das Recht, aus Gr\u00fcnden, die sich aus Ihrer besonderen Situation ergeben, jederzeit gegen die Verarbeitung Sie betreffender personenbezogener Daten, die aufgrund von Artikel 6 Absatz 1 Buchstaben e oder f DSGVO erfolgt, Widerspruch einzulegen; dies gilt auch f\u00fcr ein auf diese Bestimmungen gest\u00fctztes Profiling. Wir verarbeiten die personenbezogenen Daten nicht mehr, es sei denn, wir k\u00f6nnen zwingende schutzw\u00fcrdige Gr\u00fcnde f\u00fcr die Verarbeitung nachweisen, die Ihre Interessen, Rechte und Freiheiten \u00fcberwiegen, oder die Verarbeitung dient der Geltendmachung, Aus\u00fcbung oder Verteidigung von Rechtsanspr\u00fcchen.<br \/>\nWerden personenbezogene Daten von uns verarbeitet, um Direkt-werbung zu betreiben, so haben Sie das Recht, jederzeit Widerspruch gegen die Verarbeitung Sie betreffender personenbezogener Daten zum Zwecke derartiger Werbung einzulegen; dies gilt auch f\u00fcr das Profiling, soweit es mit solcher Direktwerbung in Verbindung steht.<br \/>\nSie haben das Recht, aus Gr\u00fcnden, die sich aus Ihrer besonderen Situation ergeben, gegen die Sie betreffende Verarbeitung Sie betreffender personenbezogener Daten, die zu wissenschaftlichen oder historischen Forschungszwecken oder zu statistischen Zwecken gem\u00e4\u00df Artikel 89 Absatz 1 DSGVO erfolgt, Widerspruch einzulegen, es sei denn, die Verarbeitung ist zur Erf\u00fcllung einer im \u00f6ffentlichen Interesse liegenden Aufgabe erforderlich.<\/p>\n<h4>Recht auf Widerruf einer datenschutzrechtlichen Einwilligung<\/h4>\n<p>Sie haben das Recht, eine Einwilligung zur Verarbeitung per-sonenbezogener Daten jederzeit zu widerrufen.<\/p>\n<h4>Recht auf Beschwerde bei einer Aufsichtsbeh\u00f6rde<\/h4>\n<p>Sie haben das Recht auf Beschwerde bei einer Aufsichtsbeh\u00f6rde, insbesondere in dem Mitgliedstaat ihres Aufenthaltsortes, ihres Arbeitsplatzes oder des Ortes des mutma\u00dflichen Versto\u00dfes, Sie der Ansicht sind, dass die Verarbeitung der Sie betreffenden personenbezogenen Daten rechtswidrig ist.<\/p>\n<h3>4. Datensicherheit<\/h3>\n<p>Wir sind um die Sicherheit Ihrer Daten im Rahmen der geltenden Datenschutzgesetze und technischen M\u00f6glichkeiten maximal bem\u00fcht.<br \/>\nIhre pers\u00f6nlichen Daten werden bei uns verschl\u00fcsselt \u00fcbertragen. Dies gilt f\u00fcr Ihre Bestellungen und auch f\u00fcr das Kunden-login. Wir nutzen das Codierungssystem SSL (Secure Socket Layer), weisen jedoch darauf hin, dass die Daten\u00fcbertragung im Internet (z.B. bei der Kommunikation per E-Mail) Sicher-heitsl\u00fccken aufweisen kann. Ein l\u00fcckenloser Schutz der Daten vor dem Zugriff durch Dritte ist nicht m\u00f6glich.<br \/>\nZur Sicherung Ihrer Daten unterhalten wir technische und or-ganisatorische Sicherungsma\u00dfnahmen, die wir immer wieder dem Stand der Technik anpassen.<br \/>\nWir gew\u00e4hrleisten au\u00dferdem nicht, dass unser Angebot zu bestimmten Zeiten zur Verf\u00fcgung steht; St\u00f6rungen, Unterbrechungen oder Ausf\u00e4lle k\u00f6nnen nicht ausgeschlossen werden. Die von uns verwendeten Server werden regelm\u00e4\u00dfig sorgf\u00e4ltig gesichert.<\/p>\n<h3>5. Weitergabe von Daten an Dritte, keine Daten\u00fcbertragung ins Nicht-EU-Ausland<\/h3>\n<p>Grunds\u00e4tzlich verwenden wir Ihre personenbezogenen Daten nur innerhalb unseres Unternehmens.<br \/>\nWenn und soweit wir Dritte im Rahmen der Erf\u00fcllung von Vertr\u00e4gen einschalten (etwa Logistik-Dienstleister) erhalten diese personenbezogene Daten nur in dem Umfang, in welchem die \u00dcbermittlung f\u00fcr die entsprechende Leistung erforderlich ist.<br \/>\nF\u00fcr den Fall, dass wir bestimmte Teile der Datenverarbeitung auslagern (\u201eAuftragsverarbeitung\u201c), verpflichten wir Auftragsverarbeiter vertraglich dazu, personenbezogene Daten nur im Einklang mit den Anforderungen der Datenschutzgesetze zu verwenden und den Schutz der Rechte der betroffenen Person zu gew\u00e4hrleisten.<\/p>\n","protected":false},"excerpt":{"rendered":"<p>Wir messen dem Datenschutz gro\u00dfe Bedeutung bei. Die Erhebung und Verarbeitung Ihrer personenbezogenen Daten geschieht unter Beachtung der geltenden datenschutzrechtlichen <a class=\"more-link\" href=\"https:\/\/www.supervision-ott.de\/index.php\/kontakt\/datenschutzerklaerung\/\">Weiterlesen&#8230;<\/a><\/p>\n","protected":false},"author":1,"featured_media":0,"parent":44,"menu_order":-1,"comment_status":"closed","ping_status":"closed","template":"","meta":{"footnotes":""},"_links":{"self":[{"href":"https:\/\/www.supervision-ott.de\/index.php\/wp-json\/wp\/v2\/pages\/91"}],"collection":[{"href":"https:\/\/www.supervision-ott.de\/index.php\/wp-json\/wp\/v2\/pages"}],"about":[{"href":"https:\/\/www.supervision-ott.de\/index.php\/wp-json\/wp\/v2\/types\/page"}],"author":[{"embeddable":true,"href":"https:\/\/www.supervision-ott.de\/index.php\/wp-json\/wp\/v2\/users\/1"}],"replies":[{"embeddable":true,"href":"https:\/\/www.supervision-ott.de\/index.php\/wp-json\/wp\/v2\/comments?post=91"}],"version-history":[{"count":5,"href":"https:\/\/www.supervision-ott.de\/index.php\/wp-json\/wp\/v2\/pages\/91\/revisions"}],"predecessor-version":[{"id":557,"href":"https:\/\/www.supervision-ott.de\/index.php\/wp-json\/wp\/v2\/pages\/91\/revisions\/557"}],"up":[{"embeddable":true,"href":"https:\/\/www.supervision-ott.de\/index.php\/wp-json\/wp\/v2\/pages\/44"}],"wp:attachment":[{"href":"https:\/\/www.supervision-ott.de\/index.php\/wp-json\/wp\/v2\/media?parent=91"}],"curies":[{"name":"wp","href":"https:\/\/api.w.org\/{rel}","templated":true}]}}